{"id":315,"date":"2024-12-05T18:27:11","date_gmt":"2024-12-05T18:27:11","guid":{"rendered":"https:\/\/artivismofeminista.cl\/?page_id=315"},"modified":"2025-01-07T21:12:01","modified_gmt":"2025-01-07T21:12:01","slug":"etapas","status":"publish","type":"page","link":"https:\/\/artivismofeminista.cl\/?page_id=315","title":{"rendered":"Etapas"},"content":{"rendered":"\n<div class=\"wp-block-cover has-parallax wp-duotone-dark-grayscale\"><span aria-hidden=\"true\" class=\"wp-block-cover__background has-black-background-color has-background-dim-20 has-background-dim\"><\/span><div class=\"wp-block-cover__image-background wp-image-408 has-parallax\" style=\"background-position:50% 50%;background-image:url(https:\/\/artivismofeminista.cl\/wp-content\/uploads\/2024\/12\/IMG_7905-scaled.jpg)\"><\/div><div class=\"wp-block-cover__inner-container is-layout-flow wp-block-cover-is-layout-flow\">\n<div class=\"wp-block-group is-layout-constrained wp-block-group-is-layout-constrained\">\n<div class=\"wp-block-columns are-vertically-aligned-center is-layout-constrained wp-block-columns-is-layout-constrained\">\n<div class=\"wp-block-column is-vertically-aligned-center is-layout-constrained wp-block-column-is-layout-constrained\" style=\"flex-basis:100%\">\n<h2 class=\"wp-block-heading has-text-align-center has-ast-global-color-0-color has-ast-global-color-1-background-color has-text-color has-background has-link-color wp-elements-28e4c77d100bfdb7e9f9da49e6a4a1d7\" style=\"padding-top:var(--wp--preset--spacing--20);padding-right:var(--wp--preset--spacing--20);padding-bottom:var(--wp--preset--spacing--20);padding-left:var(--wp--preset--spacing--20);text-transform:uppercase\"><strong>Etapas del proyecto<\/strong><\/h2>\n<\/div>\n<\/div>\n<\/div>\n<\/div><\/div>\n\n\n\n<div style=\"height:50px\" aria-hidden=\"true\" class=\"wp-block-spacer\"><\/div>\n\n\n\n<p class=\"has-text-align-center has-black-color has-text-color has-link-color has-medium-font-size wp-elements-a53fbd7837aa30dd556ade786447a257\" style=\"padding-top:var(--wp--preset--spacing--40);padding-right:var(--wp--preset--spacing--80);padding-bottom:var(--wp--preset--spacing--40);padding-left:var(--wp--preset--spacing--80)\">Para comprender las principales etapas de este proyecto, es importante mencionar que el objetivo general de esta investigaci\u00f3n apunta a comprender c\u00f3mo el artivismo feminista en Chile, a trav\u00e9s del trabajo con el cuerpo en performance, es un aporte para abordar tem\u00e1ticas sociales y de las colectividades que lo impulsan, y, al mismo tiempo, contribuye a repensar las artes contempor\u00e1neas en el pa\u00eds.<\/p>\n\n\n\n<div class=\"wp-block-cover has-parallax wp-duotone-magenta-yellow\" style=\"min-height:200px;aspect-ratio:unset;\"><span aria-hidden=\"true\" class=\"wp-block-cover__background has-ast-global-color-1-background-color has-background-dim-90 has-background-dim\"><\/span><div class=\"wp-block-cover__image-background wp-image-255 has-parallax\" style=\"background-position:50% 50%;background-image:url(https:\/\/artivismofeminista.cl\/wp-content\/uploads\/2024\/11\/pexels-andy-pozos-169880473-11850199-scaled.jpg)\"><\/div><div class=\"wp-block-cover__inner-container is-layout-constrained wp-block-cover-is-layout-constrained\">\n<h1 class=\"wp-block-heading has-text-align-center has-ast-global-color-0-color has-text-color has-link-color wp-elements-d9277b50f2f41e286817c7d834d6fd26\" style=\"padding-top:var(--wp--preset--spacing--20);padding-right:var(--wp--preset--spacing--20);padding-bottom:var(--wp--preset--spacing--20);padding-left:var(--wp--preset--spacing--20);text-transform:uppercase\"><strong>Etapa 1  (2024-2025)<\/strong><\/h1>\n<\/div><\/div>\n\n\n\n<div class=\"wp-block-columns is-layout-flex wp-container-core-columns-is-layout-28f84493 wp-block-columns-is-layout-flex\">\n<div class=\"wp-block-column is-layout-constrained wp-block-column-is-layout-constrained\" style=\"flex-basis:100%\">\n<p style=\"margin-right:var(--wp--preset--spacing--80);margin-left:var(--wp--preset--spacing--80)\">En esta etapa, nos centraremos en toma de contacto con distintas agrupaciones y colectivas de artivismo feminista a lo largo del territorio, para identificar las colectivas de artivismo feminista y conocer mejor sus acciones y formas de trabajo, adem\u00e1s de conversar con ellas acerca de las acciones m\u00e1s representativas realizadas en cada lugar. Analizaremos&nbsp; las influencias del artivismo feminista sus territorios y c\u00f3mo sus quehaceres proponen cuestionamientos a los campos del arte contempor\u00e1neo. Realizaremos para ello una serie de entrevistas, que posteriormente transcribiremos y codificaremos para evidenciar los hallazgos. En esta etapa, convocaremos y seleccionaremos tesistas que puedan aportar a la investigaci\u00f3n y para quienes el tema pueda ser tambi\u00e9n un aporte. Finalizaremos esta primera etapa, realizando un conversatorio para poder compartir y socializar los primeros hallazgos de la investigaci\u00f3n. Por supuesto, dentro de esta etapa est\u00e1 el ir socializando permanentemente el trabajo en congresos, seminarios, publicaciones, etc.<\/p>\n<\/div>\n<\/div>\n\n\n\n<div class=\"wp-block-cover has-parallax wp-duotone-magenta-yellow\" style=\"min-height:200px;aspect-ratio:unset;\"><span aria-hidden=\"true\" class=\"wp-block-cover__background has-ast-global-color-1-background-color has-background-dim-90 has-background-dim\"><\/span><div class=\"wp-block-cover__image-background wp-image-255 has-parallax\" style=\"background-position:50% 50%;background-image:url(https:\/\/artivismofeminista.cl\/wp-content\/uploads\/2024\/11\/pexels-andy-pozos-169880473-11850199-scaled.jpg)\"><\/div><div class=\"wp-block-cover__inner-container is-layout-constrained wp-block-cover-is-layout-constrained\">\n<h1 class=\"wp-block-heading has-text-align-center has-ast-global-color-0-color has-text-color has-link-color wp-elements-8d84e9378c1fc90fd234901dca200d8c\" style=\"padding-top:var(--wp--preset--spacing--20);padding-right:var(--wp--preset--spacing--20);padding-bottom:var(--wp--preset--spacing--20);padding-left:var(--wp--preset--spacing--20);text-transform:uppercase\"><strong>Etapa 2  (2025-2026)<\/strong><\/h1>\n<\/div><\/div>\n\n\n\n<div class=\"wp-block-columns is-layout-flex wp-container-core-columns-is-layout-28f84493 wp-block-columns-is-layout-flex\">\n<div class=\"wp-block-column is-layout-constrained wp-block-column-is-layout-constrained\" style=\"flex-basis:100%\">\n<p style=\"margin-right:var(--wp--preset--spacing--80);margin-left:var(--wp--preset--spacing--80)\">En esta etapa, continuaremos con el contacto con las distintas agrupaciones y colectivas de artivismo feminista a lo largo del territorio para poder profundizar y conocer mejor sus formas de trabajo, analizaremos en conjunto algunas de sus pr\u00e1cticas y c\u00f3mo dialogan con el d\u00eda a d\u00eda. Analizaremos te\u00f3ricamente las entrevistas realizadas en la etapa 1, para evidenciar los hallazgos&nbsp; y los compartiremos de distintas maneras, dentro de las cuales est\u00e1 el formato podcast. En esta etapa, nuevamente convocaremos y seleccionaremos tesistas que puedan aportar a la investigaci\u00f3n y para quienes el tema pueda ser tambi\u00e9n un aporte. Finalizaremos esta etapa realizando un conversatorio para poder compartir y socializar los hallazgos de la investigaci\u00f3n mientras continuamos la asistencia a congresos, conversatorios, etc. y realizaremos algunas publicaciones.<\/p>\n<\/div>\n<\/div>\n\n\n\n<div class=\"wp-block-columns is-layout-flex wp-container-core-columns-is-layout-28f84493 wp-block-columns-is-layout-flex\">\n<div class=\"wp-block-column is-layout-constrained wp-block-column-is-layout-constrained\" style=\"flex-basis:100%\">\n<div style=\"height:20px\" aria-hidden=\"true\" class=\"wp-block-spacer\"><\/div>\n<\/div>\n<\/div>\n\n\n\n<div class=\"wp-block-cover has-parallax wp-duotone-magenta-yellow\" style=\"min-height:200px;aspect-ratio:unset;\"><span aria-hidden=\"true\" class=\"wp-block-cover__background has-ast-global-color-1-background-color has-background-dim-90 has-background-dim\"><\/span><div class=\"wp-block-cover__image-background wp-image-255 has-parallax\" style=\"background-position:50% 50%;background-image:url(https:\/\/artivismofeminista.cl\/wp-content\/uploads\/2024\/11\/pexels-andy-pozos-169880473-11850199-scaled.jpg)\"><\/div><div class=\"wp-block-cover__inner-container is-layout-constrained wp-block-cover-is-layout-constrained\">\n<h1 class=\"wp-block-heading has-text-align-center has-ast-global-color-0-color has-text-color has-link-color wp-elements-f76db3c20572b0694cf176517ace37a0\" style=\"padding-top:var(--wp--preset--spacing--20);padding-right:var(--wp--preset--spacing--20);padding-bottom:var(--wp--preset--spacing--20);padding-left:var(--wp--preset--spacing--20);text-transform:uppercase\"><strong>Etapa 3  (2026-2027) <\/strong><\/h1>\n<\/div><\/div>\n\n\n\n<div class=\"wp-block-columns is-layout-flex wp-container-core-columns-is-layout-28f84493 wp-block-columns-is-layout-flex\">\n<div class=\"wp-block-column is-layout-constrained wp-block-column-is-layout-constrained\" style=\"flex-basis:100%\">\n<p style=\"margin-right:var(--wp--preset--spacing--80);margin-left:var(--wp--preset--spacing--80)\">En esta etapa ya nos acercamos al final de la investigaci\u00f3n (o hacia la apertura de nuevas l\u00edneas a profundizar) donde continuaremos el contacto con las distintas agrupaciones y colectivas de artivismo feminista a lo largo del territorio, profundizaremos acerca de sus acciones y trabajos. Continuaremos analizando las entrevistas realizadas en la primera etapa, nuevamente convocaremos y seleccionaremos tesistas que puedan aportar a la investigaci\u00f3n y para quienes el tema pueda ser tambi\u00e9n un aporte. Finalizaremos esta \u00faltima etapa, realizando un nuevo conversatorio para poder compartir y socializar los hallazgos, as\u00ed como el camino recorrido en esta investigaci\u00f3n, mientras continuamos con la asistencia a congresos, conversatorios, etc. y realizamos algunas publicaciones que vayan recogiendo lo que hemos ido aprendiendo, adem\u00e1s de otros formatos que podamos explorar.<br><\/p>\n<\/div>\n<\/div>\n\n\n\n<div class=\"wp-block-columns is-layout-flex wp-container-core-columns-is-layout-28f84493 wp-block-columns-is-layout-flex\">\n<div class=\"wp-block-column is-layout-constrained wp-block-column-is-layout-constrained\" style=\"flex-basis:100%\">\n<div style=\"height:20px\" aria-hidden=\"true\" class=\"wp-block-spacer\"><\/div>\n<\/div>\n<\/div>\n","protected":false},"excerpt":{"rendered":"<p>Para comprender las principales etapas de este proyecto, es importante mencionar que el objetivo general de esta investigaci\u00f3n apunta a [&hellip;]<\/p>\n","protected":false},"author":1,"featured_media":0,"parent":0,"menu_order":0,"comment_status":"closed","ping_status":"closed","template":"","meta":{"site-sidebar-layout":"default","site-content-layout":"","ast-site-content-layout":"default","site-content-style":"default","site-sidebar-style":"default","ast-global-header-display":"","ast-banner-title-visibility":"","ast-main-header-display":"","ast-hfb-above-header-display":"","ast-hfb-below-header-display":"","ast-hfb-mobile-header-display":"","site-post-title":"disabled","ast-breadcrumbs-content":"","ast-featured-img":"","footer-sml-layout":"","theme-transparent-header-meta":"","adv-header-id-meta":"","stick-header-meta":"","header-above-stick-meta":"","header-main-stick-meta":"","header-below-stick-meta":"","astra-migrate-meta-layouts":"default","ast-page-background-enabled":"default","ast-page-background-meta":{"desktop":{"background-color":"var(--ast-global-color-4)","background-image":"","background-repeat":"repeat","background-position":"center center","background-size":"auto","background-attachment":"scroll","background-type":"","background-media":"","overlay-type":"","overlay-color":"","overlay-opacity":"","overlay-gradient":""},"tablet":{"background-color":"","background-image":"","background-repeat":"repeat","background-position":"center center","background-size":"auto","background-attachment":"scroll","background-type":"","background-media":"","overlay-type":"","overlay-color":"","overlay-opacity":"","overlay-gradient":""},"mobile":{"background-color":"","background-image":"","background-repeat":"repeat","background-position":"center center","background-size":"auto","background-attachment":"scroll","background-type":"","background-media":"","overlay-type":"","overlay-color":"","overlay-opacity":"","overlay-gradient":""}},"ast-content-background-meta":{"desktop":{"background-color":"var(--ast-global-color-5)","background-image":"","background-repeat":"repeat","background-position":"center center","background-size":"auto","background-attachment":"scroll","background-type":"","background-media":"","overlay-type":"","overlay-color":"","overlay-opacity":"","overlay-gradient":""},"tablet":{"background-color":"var(--ast-global-color-5)","background-image":"","background-repeat":"repeat","background-position":"center center","background-size":"auto","background-attachment":"scroll","background-type":"","background-media":"","overlay-type":"","overlay-color":"","overlay-opacity":"","overlay-gradient":""},"mobile":{"background-color":"var(--ast-global-color-5)","background-image":"","background-repeat":"repeat","background-position":"center center","background-size":"auto","background-attachment":"scroll","background-type":"","background-media":"","overlay-type":"","overlay-color":"","overlay-opacity":"","overlay-gradient":""}},"footnotes":""},"class_list":["post-315","page","type-page","status-publish","hentry"],"_links":{"self":[{"href":"https:\/\/artivismofeminista.cl\/index.php?rest_route=\/wp\/v2\/pages\/315","targetHints":{"allow":["GET"]}}],"collection":[{"href":"https:\/\/artivismofeminista.cl\/index.php?rest_route=\/wp\/v2\/pages"}],"about":[{"href":"https:\/\/artivismofeminista.cl\/index.php?rest_route=\/wp\/v2\/types\/page"}],"author":[{"embeddable":true,"href":"https:\/\/artivismofeminista.cl\/index.php?rest_route=\/wp\/v2\/users\/1"}],"replies":[{"embeddable":true,"href":"https:\/\/artivismofeminista.cl\/index.php?rest_route=%2Fwp%2Fv2%2Fcomments&post=315"}],"version-history":[{"count":7,"href":"https:\/\/artivismofeminista.cl\/index.php?rest_route=\/wp\/v2\/pages\/315\/revisions"}],"predecessor-version":[{"id":456,"href":"https:\/\/artivismofeminista.cl\/index.php?rest_route=\/wp\/v2\/pages\/315\/revisions\/456"}],"wp:attachment":[{"href":"https:\/\/artivismofeminista.cl\/index.php?rest_route=%2Fwp%2Fv2%2Fmedia&parent=315"}],"curies":[{"name":"wp","href":"https:\/\/api.w.org\/{rel}","templated":true}]}}